{"id":14,"date":"2017-02-09T11:29:26","date_gmt":"2017-02-09T11:29:26","guid":{"rendered":"https:\/\/dev.chateauroyaldecognac.com\/fr\/fr\/?page_id=14"},"modified":"2022-07-12T13:36:44","modified_gmt":"2022-07-12T13:36:44","slug":"privacy-policy","status":"publish","type":"page","link":"https:\/\/chateaudecognac-com-gl-en.wpe-stg.bacardi.digital\/fr\/fr\/privacy-policy\/","title":{"rendered":"Privacy Policy"},"content":{"rendered":"","protected":false},"excerpt":{"rendered":"","protected":false},"author":41,"featured_media":0,"parent":0,"menu_order":0,"comment_status":"closed","ping_status":"closed","template":"","meta":{"_acf_changed":false,"footnotes":""},"class_list":["post-14","page","type-page","status-publish","hentry"],"acf":[],"yoast_head":"<!-- This site is optimized with the Yoast SEO plugin v26.0 - https:\/\/yoast.com\/wordpress\/plugins\/seo\/ -->\n<title>Politique de confidentialit\u00e9 | Ch\u00e2teau de Cognac<\/title>\n<meta name=\"description\" content=\"Nous nous engageons \u00e0 prot\u00e9ger et respecter votre vie priv\u00e9e. Veuillez lire ce qui suit attentivement pour comprendre la mani\u00e8re dont nous traitons vos donn\u00e9es personnelles.\" \/>\n<meta name=\"robots\" content=\"index, follow, max-snippet:-1, max-image-preview:large, max-video-preview:-1\" \/>\n<link rel=\"canonical\" href=\"https:\/\/chateaudecognac-com-gl-en.wpe-stg.bacardi.digital\/fr\/fr\/privacy-policy\/\" \/>\n<meta property=\"og:locale\" content=\"fr_FR\" \/>\n<meta property=\"og:type\" content=\"article\" \/>\n<meta property=\"og:title\" content=\"Politique de confidentialit\u00e9 | Ch\u00e2teau de Cognac\" \/>\n<meta property=\"og:description\" content=\"Nous nous engageons \u00e0 prot\u00e9ger et respecter votre vie priv\u00e9e. Veuillez lire ce qui suit attentivement pour comprendre la mani\u00e8re dont nous traitons vos donn\u00e9es personnelles.\" \/>\n<meta property=\"og:url\" content=\"https:\/\/chateaudecognac-com-gl-en.wpe-stg.bacardi.digital\/fr\/fr\/privacy-policy\/\" \/>\n<meta property=\"og:site_name\" content=\"Chateau de Cognac\" \/>\n<meta property=\"article:modified_time\" content=\"2022-07-12T13:36:44+00:00\" \/>\n<meta name=\"twitter:card\" content=\"summary_large_image\" \/>\n<script type=\"application\/ld+json\" class=\"yoast-schema-graph\">{\"@context\":\"https:\/\/schema.org\",\"@graph\":[{\"@type\":\"WebPage\",\"@id\":\"https:\/\/chateaudecognac-com-gl-en.wpe-stg.bacardi.digital\/fr\/fr\/privacy-policy\/\",\"url\":\"https:\/\/chateaudecognac-com-gl-en.wpe-stg.bacardi.digital\/fr\/fr\/privacy-policy\/\",\"name\":\"Politique de confidentialit\u00e9 | Ch\u00e2teau de Cognac\",\"isPartOf\":{\"@id\":\"https:\/\/chateaudecognac-com-gl-en.wpe-stg.bacardi.digital\/fr\/fr\/#website\"},\"datePublished\":\"2017-02-09T11:29:26+00:00\",\"dateModified\":\"2022-07-12T13:36:44+00:00\",\"description\":\"Nous nous engageons \u00e0 prot\u00e9ger et respecter votre vie priv\u00e9e. Veuillez lire ce qui suit attentivement pour comprendre la mani\u00e8re dont nous traitons vos donn\u00e9es personnelles.\",\"breadcrumb\":{\"@id\":\"https:\/\/chateaudecognac-com-gl-en.wpe-stg.bacardi.digital\/fr\/fr\/privacy-policy\/#breadcrumb\"},\"inLanguage\":\"fr-FR\",\"potentialAction\":[{\"@type\":\"ReadAction\",\"target\":[\"https:\/\/chateaudecognac-com-gl-en.wpe-stg.bacardi.digital\/fr\/fr\/privacy-policy\/\"]}]},{\"@type\":\"BreadcrumbList\",\"@id\":\"https:\/\/chateaudecognac-com-gl-en.wpe-stg.bacardi.digital\/fr\/fr\/privacy-policy\/#breadcrumb\",\"itemListElement\":[{\"@type\":\"ListItem\",\"position\":1,\"name\":\"Home\",\"item\":\"https:\/\/chateaudecognac-com-gl-en.wpe-stg.bacardi.digital\/fr\/fr\/\"},{\"@type\":\"ListItem\",\"position\":2,\"name\":\"Privacy Policy\"}]},{\"@type\":\"WebSite\",\"@id\":\"https:\/\/chateaudecognac-com-gl-en.wpe-stg.bacardi.digital\/fr\/fr\/#website\",\"url\":\"https:\/\/chateaudecognac-com-gl-en.wpe-stg.bacardi.digital\/fr\/fr\/\",\"name\":\"Chateau de Cognac\",\"description\":\"\",\"potentialAction\":[{\"@type\":\"SearchAction\",\"target\":{\"@type\":\"EntryPoint\",\"urlTemplate\":\"https:\/\/chateaudecognac-com-gl-en.wpe-stg.bacardi.digital\/fr\/fr\/?s={search_term_string}\"},\"query-input\":{\"@type\":\"PropertyValueSpecification\",\"valueRequired\":true,\"valueName\":\"search_term_string\"}}],\"inLanguage\":\"fr-FR\"}]}<\/script>\n<!-- \/ Yoast SEO plugin. -->","yoast_head_json":{"title":"Politique de confidentialit\u00e9 | Ch\u00e2teau de Cognac","description":"Nous nous engageons \u00e0 prot\u00e9ger et respecter votre vie priv\u00e9e. Veuillez lire ce qui suit attentivement pour comprendre la mani\u00e8re dont nous traitons vos donn\u00e9es personnelles.","robots":{"index":"index","follow":"follow","max-snippet":"max-snippet:-1","max-image-preview":"max-image-preview:large","max-video-preview":"max-video-preview:-1"},"canonical":"https:\/\/chateaudecognac-com-gl-en.wpe-stg.bacardi.digital\/fr\/fr\/privacy-policy\/","og_locale":"fr_FR","og_type":"article","og_title":"Politique de confidentialit\u00e9 | Ch\u00e2teau de Cognac","og_description":"Nous nous engageons \u00e0 prot\u00e9ger et respecter votre vie priv\u00e9e. Veuillez lire ce qui suit attentivement pour comprendre la mani\u00e8re dont nous traitons vos donn\u00e9es personnelles.","og_url":"https:\/\/chateaudecognac-com-gl-en.wpe-stg.bacardi.digital\/fr\/fr\/privacy-policy\/","og_site_name":"Chateau de Cognac","article_modified_time":"2022-07-12T13:36:44+00:00","twitter_card":"summary_large_image","schema":{"@context":"https:\/\/schema.org","@graph":[{"@type":"WebPage","@id":"https:\/\/chateaudecognac-com-gl-en.wpe-stg.bacardi.digital\/fr\/fr\/privacy-policy\/","url":"https:\/\/chateaudecognac-com-gl-en.wpe-stg.bacardi.digital\/fr\/fr\/privacy-policy\/","name":"Politique de confidentialit\u00e9 | Ch\u00e2teau de Cognac","isPartOf":{"@id":"https:\/\/chateaudecognac-com-gl-en.wpe-stg.bacardi.digital\/fr\/fr\/#website"},"datePublished":"2017-02-09T11:29:26+00:00","dateModified":"2022-07-12T13:36:44+00:00","description":"Nous nous engageons \u00e0 prot\u00e9ger et respecter votre vie priv\u00e9e. Veuillez lire ce qui suit attentivement pour comprendre la mani\u00e8re dont nous traitons vos donn\u00e9es personnelles.","breadcrumb":{"@id":"https:\/\/chateaudecognac-com-gl-en.wpe-stg.bacardi.digital\/fr\/fr\/privacy-policy\/#breadcrumb"},"inLanguage":"fr-FR","potentialAction":[{"@type":"ReadAction","target":["https:\/\/chateaudecognac-com-gl-en.wpe-stg.bacardi.digital\/fr\/fr\/privacy-policy\/"]}]},{"@type":"BreadcrumbList","@id":"https:\/\/chateaudecognac-com-gl-en.wpe-stg.bacardi.digital\/fr\/fr\/privacy-policy\/#breadcrumb","itemListElement":[{"@type":"ListItem","position":1,"name":"Home","item":"https:\/\/chateaudecognac-com-gl-en.wpe-stg.bacardi.digital\/fr\/fr\/"},{"@type":"ListItem","position":2,"name":"Privacy Policy"}]},{"@type":"WebSite","@id":"https:\/\/chateaudecognac-com-gl-en.wpe-stg.bacardi.digital\/fr\/fr\/#website","url":"https:\/\/chateaudecognac-com-gl-en.wpe-stg.bacardi.digital\/fr\/fr\/","name":"Chateau de Cognac","description":"","potentialAction":[{"@type":"SearchAction","target":{"@type":"EntryPoint","urlTemplate":"https:\/\/chateaudecognac-com-gl-en.wpe-stg.bacardi.digital\/fr\/fr\/?s={search_term_string}"},"query-input":{"@type":"PropertyValueSpecification","valueRequired":true,"valueName":"search_term_string"}}],"inLanguage":"fr-FR"}]}},"_links":{"self":[{"href":"https:\/\/chateaudecognac-com-gl-en.wpe-stg.bacardi.digital\/fr\/fr\/wp-json\/wp\/v2\/pages\/14","targetHints":{"allow":["GET"]}}],"collection":[{"href":"https:\/\/chateaudecognac-com-gl-en.wpe-stg.bacardi.digital\/fr\/fr\/wp-json\/wp\/v2\/pages"}],"about":[{"href":"https:\/\/chateaudecognac-com-gl-en.wpe-stg.bacardi.digital\/fr\/fr\/wp-json\/wp\/v2\/types\/page"}],"author":[{"embeddable":true,"href":"https:\/\/chateaudecognac-com-gl-en.wpe-stg.bacardi.digital\/fr\/fr\/wp-json\/wp\/v2\/users\/41"}],"replies":[{"embeddable":true,"href":"https:\/\/chateaudecognac-com-gl-en.wpe-stg.bacardi.digital\/fr\/fr\/wp-json\/wp\/v2\/comments?post=14"}],"version-history":[{"count":0,"href":"https:\/\/chateaudecognac-com-gl-en.wpe-stg.bacardi.digital\/fr\/fr\/wp-json\/wp\/v2\/pages\/14\/revisions"}],"wp:attachment":[{"href":"https:\/\/chateaudecognac-com-gl-en.wpe-stg.bacardi.digital\/fr\/fr\/wp-json\/wp\/v2\/media?parent=14"}],"curies":[{"name":"wp","href":"https:\/\/api.w.org\/{rel}","templated":true}]}}